{"id":1286,"date":"2024-06-17T17:00:23","date_gmt":"2024-06-17T14:00:23","guid":{"rendered":"http:\/\/drumuristraseni.local\/?page_id=1286"},"modified":"2024-06-17T17:36:05","modified_gmt":"2024-06-17T14:36:05","slug":"anunturi_publice","status":"publish","type":"page","link":"https:\/\/drumuristraseni.md\/?page_id=1286","title":{"rendered":"Anun\u021buri Publice"},"content":{"rendered":"\t\t<div data-elementor-type=\"wp-page\" data-elementor-id=\"1286\" class=\"elementor elementor-1286\">\n\t\t\t\t<div class=\"elementor-element elementor-element-8fd5308 e-flex e-con-boxed e-con e-parent\" data-id=\"8fd5308\" data-element_type=\"container\" data-e-type=\"container\" data-settings=\"{&quot;background_background&quot;:&quot;classic&quot;}\">\n\t\t\t\t\t<div class=\"e-con-inner\">\n\t\t<div class=\"elementor-element elementor-element-17ced38 e-con-full e-flex e-con e-child\" data-id=\"17ced38\" data-element_type=\"container\" data-e-type=\"container\">\n\t\t\t\t<div class=\"elementor-element elementor-element-e89582e elementor-widget elementor-widget-heading\" data-id=\"e89582e\" data-element_type=\"widget\" data-e-type=\"widget\" data-widget_type=\"heading.default\">\n\t\t\t\t<div class=\"elementor-widget-container\">\n\t\t\t\t\t<h6 class=\"elementor-heading-title elementor-size-default\">S.A.\u201dDrumuri Str\u0103\u015feni\u201d<\/h6>\t\t\t\t<\/div>\n\t\t\t\t<\/div>\n\t\t\t\t<div class=\"elementor-element elementor-element-2b7c4ba elementor-widget elementor-widget-heading\" data-id=\"2b7c4ba\" data-element_type=\"widget\" data-e-type=\"widget\" data-widget_type=\"heading.default\">\n\t\t\t\t<div class=\"elementor-widget-container\">\n\t\t\t\t\t<h1 class=\"elementor-heading-title elementor-size-default\">Anun\u021buri Publice<\/h1>\t\t\t\t<\/div>\n\t\t\t\t<\/div>\n\t\t\t\t<\/div>\n\t\t\t\t\t<\/div>\n\t\t\t\t<\/div>\n\t\t<div class=\"elementor-element elementor-element-acb4ba8 e-flex e-con-boxed e-con e-parent\" data-id=\"acb4ba8\" data-element_type=\"container\" data-e-type=\"container\">\n\t\t\t\t\t<div class=\"e-con-inner\">\n\t\t<div class=\"elementor-element elementor-element-1d73e3b e-con-full e-flex e-con e-child\" data-id=\"1d73e3b\" data-element_type=\"container\" data-e-type=\"container\">\n\t\t\t\t<\/div>\n\t\t<div class=\"elementor-element elementor-element-0ce7ef7 e-con-full e-flex e-con e-child\" data-id=\"0ce7ef7\" data-element_type=\"container\" data-e-type=\"container\">\n\t\t\t\t<\/div>\n\t\t\t\t\t<\/div>\n\t\t\t\t<\/div>\n\t\t<div class=\"elementor-element elementor-element-05a88ea e-flex e-con-boxed e-con e-parent\" data-id=\"05a88ea\" data-element_type=\"container\" data-e-type=\"container\">\n\t\t\t\t\t<div class=\"e-con-inner\">\n\t\t<div class=\"elementor-element elementor-element-4632d94 e-con-full e-flex e-con e-child\" data-id=\"4632d94\" data-element_type=\"container\" data-e-type=\"container\">\n\t\t\t\t<div class=\"elementor-element elementor-element-1da08ef elementor-widget elementor-widget-heading\" data-id=\"1da08ef\" data-element_type=\"widget\" data-e-type=\"widget\" data-widget_type=\"heading.default\">\n\t\t\t\t<div class=\"elementor-widget-container\">\n\t\t\t\t\t<h5 class=\"elementor-heading-title elementor-size-default\">Anun\u021b Licita\u021bie<\/h5>\t\t\t\t<\/div>\n\t\t\t\t<\/div>\n\t\t\t\t<div class=\"elementor-element elementor-element-ff6d164 elementor-widget elementor-widget-text-editor\" data-id=\"ff6d164\" data-element_type=\"widget\" data-e-type=\"widget\" data-widget_type=\"text-editor.default\">\n\t\t\t\t<div class=\"elementor-widget-container\">\n\t\t\t\t\t\t\t\t\t<p><strong>S.A. \u201dDrumuri-Str\u0103\u0219eni\u201d anun\u021b\u0103 c\u0103 s-a desf\u0103\u0219urat licita\u021bia \u201ecu strigare\u201d de comercializare a metalului, care a avut loc la data de \u201d26\u201d 04 2023, ora 10.00 pe adresa: mun. Str\u0103\u0219eni, str. Orheiului, 1, \u00een incinta S.A. \u201dDrumuri-Str\u0103\u0219eni\u201d.<\/strong><\/p>\t\t\t\t\t\t\t\t<\/div>\n\t\t\t\t<\/div>\n\t\t\t\t<div class=\"elementor-element elementor-element-b403eea elementor-widget elementor-widget-heading\" data-id=\"b403eea\" data-element_type=\"widget\" data-e-type=\"widget\" data-widget_type=\"heading.default\">\n\t\t\t\t<div class=\"elementor-widget-container\">\n\t\t\t\t\t<h5 class=\"elementor-heading-title elementor-size-default\"><a href=\"https:\/\/drumuristraseni.md\/wp-content\/uploads\/2024\/06\/Comunicat-Monitorul-Fiscal-2023.pdf\">Comunicat Monitorul Fiscal 2023.PDF<\/a><\/h5>\t\t\t\t<\/div>\n\t\t\t\t<\/div>\n\t\t\t\t<\/div>\n\t\t<div class=\"elementor-element elementor-element-18623eb e-con-full e-flex e-con e-child\" data-id=\"18623eb\" data-element_type=\"container\" data-e-type=\"container\">\n\t\t\t\t<div class=\"elementor-element elementor-element-6c49cbe elementor-widget elementor-widget-image\" data-id=\"6c49cbe\" data-element_type=\"widget\" data-e-type=\"widget\" data-widget_type=\"image.default\">\n\t\t\t\t<div class=\"elementor-widget-container\">\n\t\t\t\t\t\t\t\t\t\t\t\t\t\t\t<img fetchpriority=\"high\" decoding=\"async\" width=\"2560\" height=\"1707\" src=\"https:\/\/drumuristraseni.md\/wp-content\/uploads\/2024\/06\/closeup-shot-person-holding-gavel-tabl-scaled.jpg\" class=\"attachment-full size-full wp-image-1304\" alt=\"\" srcset=\"https:\/\/drumuristraseni.md\/wp-content\/uploads\/2024\/06\/closeup-shot-person-holding-gavel-tabl-scaled.jpg 2560w, https:\/\/drumuristraseni.md\/wp-content\/uploads\/2024\/06\/closeup-shot-person-holding-gavel-tabl-300x200.jpg 300w, https:\/\/drumuristraseni.md\/wp-content\/uploads\/2024\/06\/closeup-shot-person-holding-gavel-tabl-1024x683.jpg 1024w, https:\/\/drumuristraseni.md\/wp-content\/uploads\/2024\/06\/closeup-shot-person-holding-gavel-tabl-768x512.jpg 768w, https:\/\/drumuristraseni.md\/wp-content\/uploads\/2024\/06\/closeup-shot-person-holding-gavel-tabl-1536x1024.jpg 1536w, https:\/\/drumuristraseni.md\/wp-content\/uploads\/2024\/06\/closeup-shot-person-holding-gavel-tabl-2048x1365.jpg 2048w\" sizes=\"(max-width: 2560px) 100vw, 2560px\" \/>\t\t\t\t\t\t\t\t\t\t\t\t\t\t\t<\/div>\n\t\t\t\t<\/div>\n\t\t\t\t<\/div>\n\t\t\t\t\t<\/div>\n\t\t\t\t<\/div>\n\t\t\t\t<\/div>\n\t\t","protected":false},"excerpt":{"rendered":"<p>S.A.\u201dDrumuri Str\u0103\u015feni\u201d Anun\u021buri Publice Anun\u021b Licita\u021bie S.A. \u201dDrumuri-Str\u0103\u0219eni\u201d anun\u021b\u0103 c\u0103 s-a desf\u0103\u0219urat licita\u021bia \u201ecu strigare\u201d de comercializare a metalului, care a avut loc la data de \u201d26\u201d 04 2023, ora 10.00 pe adresa: mun. Str\u0103\u0219eni, str. Orheiului, 1, \u00een incinta S.A. \u201dDrumuri-Str\u0103\u0219eni\u201d. Comunicat Monitorul Fiscal 2023.PDF<\/p>\n","protected":false},"author":1,"featured_media":0,"parent":0,"menu_order":0,"comment_status":"closed","ping_status":"closed","template":"","meta":{"site-sidebar-layout":"no-sidebar","site-content-layout":"page-builder","ast-site-content-layout":"default","site-content-style":"default","site-sidebar-style":"default","ast-global-header-display":"","ast-banner-title-visibility":"","ast-main-header-display":"","ast-hfb-above-header-display":"","ast-hfb-below-header-display":"","ast-hfb-mobile-header-display":"","site-post-title":"disabled","ast-breadcrumbs-content":"disabled","ast-featured-img":"disabled","footer-sml-layout":"","theme-transparent-header-meta":"enabled","adv-header-id-meta":"","stick-header-meta":"","header-above-stick-meta":"","header-main-stick-meta":"","header-below-stick-meta":"","astra-migrate-meta-layouts":"default","ast-page-background-enabled":"default","ast-page-background-meta":{"desktop":{"background-color":"var(--ast-global-color-4)","background-image":"","background-repeat":"repeat","background-position":"center center","background-size":"auto","background-attachment":"scroll","background-type":"","background-media":"","overlay-type":"","overlay-color":"","overlay-opacity":"","overlay-gradient":""},"tablet":{"background-color":"","background-image":"","background-repeat":"repeat","background-position":"center center","background-size":"auto","background-attachment":"scroll","background-type":"","background-media":"","overlay-type":"","overlay-color":"","overlay-opacity":"","overlay-gradient":""},"mobile":{"background-color":"","background-image":"","background-repeat":"repeat","background-position":"center center","background-size":"auto","background-attachment":"scroll","background-type":"","background-media":"","overlay-type":"","overlay-color":"","overlay-opacity":"","overlay-gradient":""}},"ast-content-background-meta":{"desktop":{"background-color":"var(--ast-global-color-5)","background-image":"","background-repeat":"repeat","background-position":"center center","background-size":"auto","background-attachment":"scroll","background-type":"","background-media":"","overlay-type":"","overlay-color":"","overlay-opacity":"","overlay-gradient":""},"tablet":{"background-color":"var(--ast-global-color-5)","background-image":"","background-repeat":"repeat","background-position":"center center","background-size":"auto","background-attachment":"scroll","background-type":"","background-media":"","overlay-type":"","overlay-color":"","overlay-opacity":"","overlay-gradient":""},"mobile":{"background-color":"var(--ast-global-color-5)","background-image":"","background-repeat":"repeat","background-position":"center center","background-size":"auto","background-attachment":"scroll","background-type":"","background-media":"","overlay-type":"","overlay-color":"","overlay-opacity":"","overlay-gradient":""}},"footnotes":""},"class_list":["post-1286","page","type-page","status-publish","hentry"],"_links":{"self":[{"href":"https:\/\/drumuristraseni.md\/index.php?rest_route=\/wp\/v2\/pages\/1286","targetHints":{"allow":["GET"]}}],"collection":[{"href":"https:\/\/drumuristraseni.md\/index.php?rest_route=\/wp\/v2\/pages"}],"about":[{"href":"https:\/\/drumuristraseni.md\/index.php?rest_route=\/wp\/v2\/types\/page"}],"author":[{"embeddable":true,"href":"https:\/\/drumuristraseni.md\/index.php?rest_route=\/wp\/v2\/users\/1"}],"replies":[{"embeddable":true,"href":"https:\/\/drumuristraseni.md\/index.php?rest_route=%2Fwp%2Fv2%2Fcomments&post=1286"}],"version-history":[{"count":25,"href":"https:\/\/drumuristraseni.md\/index.php?rest_route=\/wp\/v2\/pages\/1286\/revisions"}],"predecessor-version":[{"id":1323,"href":"https:\/\/drumuristraseni.md\/index.php?rest_route=\/wp\/v2\/pages\/1286\/revisions\/1323"}],"wp:attachment":[{"href":"https:\/\/drumuristraseni.md\/index.php?rest_route=%2Fwp%2Fv2%2Fmedia&parent=1286"}],"curies":[{"name":"wp","href":"https:\/\/api.w.org\/{rel}","templated":true}]}}