{"id":1345,"date":"2024-06-17T17:57:14","date_gmt":"2024-06-17T14:57:14","guid":{"rendered":"http:\/\/drumuristraseni.local\/?page_id=1345"},"modified":"2024-06-17T18:04:04","modified_gmt":"2024-06-17T15:04:04","slug":"anticoruptia","status":"publish","type":"page","link":"https:\/\/drumuristraseni.md\/?page_id=1345","title":{"rendered":"Anticorup\u021bia"},"content":{"rendered":"\t\t<div data-elementor-type=\"wp-page\" data-elementor-id=\"1345\" class=\"elementor elementor-1345\">\n\t\t\t\t<div class=\"elementor-element elementor-element-8fd5308 e-flex e-con-boxed e-con e-parent\" data-id=\"8fd5308\" data-element_type=\"container\" data-e-type=\"container\" data-settings=\"{&quot;background_background&quot;:&quot;classic&quot;}\">\n\t\t\t\t\t<div class=\"e-con-inner\">\n\t\t<div class=\"elementor-element elementor-element-17ced38 e-con-full e-flex e-con e-child\" data-id=\"17ced38\" data-element_type=\"container\" data-e-type=\"container\">\n\t\t\t\t<div class=\"elementor-element elementor-element-e89582e elementor-widget elementor-widget-heading\" data-id=\"e89582e\" data-element_type=\"widget\" data-e-type=\"widget\" data-widget_type=\"heading.default\">\n\t\t\t\t<div class=\"elementor-widget-container\">\n\t\t\t\t\t<h6 class=\"elementor-heading-title elementor-size-default\">S.A.\u201dDrumuri Str\u0103\u015feni\u201d<\/h6>\t\t\t\t<\/div>\n\t\t\t\t<\/div>\n\t\t\t\t<div class=\"elementor-element elementor-element-2b7c4ba elementor-widget elementor-widget-heading\" data-id=\"2b7c4ba\" data-element_type=\"widget\" data-e-type=\"widget\" data-widget_type=\"heading.default\">\n\t\t\t\t<div class=\"elementor-widget-container\">\n\t\t\t\t\t<h2 class=\"elementor-heading-title elementor-size-default\">Anticorup\u021bia<\/h2>\t\t\t\t<\/div>\n\t\t\t\t<\/div>\n\t\t\t\t<\/div>\n\t\t\t\t\t<\/div>\n\t\t\t\t<\/div>\n\t\t<div class=\"elementor-element elementor-element-75c6546 e-flex e-con-boxed e-con e-parent\" data-id=\"75c6546\" data-element_type=\"container\" data-e-type=\"container\">\n\t\t\t\t\t<div class=\"e-con-inner\">\n\t\t<div class=\"elementor-element elementor-element-17d7690 e-con-full e-flex e-con e-child\" data-id=\"17d7690\" data-element_type=\"container\" data-e-type=\"container\">\n\t\t\t\t<\/div>\n\t\t<div class=\"elementor-element elementor-element-fb03dd3 e-con-full e-flex e-con e-child\" data-id=\"fb03dd3\" data-element_type=\"container\" data-e-type=\"container\">\n\t\t\t\t<\/div>\n\t\t\t\t\t<\/div>\n\t\t\t\t<\/div>\n\t\t<div class=\"elementor-element elementor-element-fecc8aa e-flex e-con-boxed e-con e-parent\" data-id=\"fecc8aa\" data-element_type=\"container\" data-e-type=\"container\">\n\t\t\t\t\t<div class=\"e-con-inner\">\n\t\t\t\t<div class=\"elementor-element elementor-element-03461b7 elementor-widget elementor-widget-text-editor\" data-id=\"03461b7\" data-element_type=\"widget\" data-e-type=\"widget\" data-widget_type=\"text-editor.default\">\n\t\t\t\t<div class=\"elementor-widget-container\">\n\t\t\t\t\t\t\t\t\t<h3>S.A.\u201dDrumuri Str\u0103\u015feni\u201d Anticorup\u021bia<\/h3><p>LINIA NA\u021aIONAL\u0102 ANTICORUP\u021aIE<br \/>0-800-55555 \u2013 apel GRATUIT.<br \/>Prin intermediul acestei linii telefonice, activ\u0103 24\/24, 7 zile pe s\u0103pt\u0103m\u00e2n\u0103, cet\u0103\u021benii pot sesiza CNA despre cazuri de corup\u021bie.<br \/>LINIA SPECIALIZAT\u0102 ANTICORUP\u0162IE<br \/>022-257-333<br \/>Prin intermediul liniei telefonice, care este activ\u0103 \u00een orele de program (08:00 \u2013 17:00, de luni p\u00e2n\u0103 vineri), cet\u0103\u021benii pot sesiza subdiviziunea de securitate intern\u0103 a CNA despre actele de corup\u021bie comise de angaja\u021bii CNA.<\/p>\t\t\t\t\t\t\t\t<\/div>\n\t\t\t\t<\/div>\n\t\t\t\t<div class=\"elementor-element elementor-element-22c8d4c elementor-widget elementor-widget-heading\" data-id=\"22c8d4c\" data-element_type=\"widget\" data-e-type=\"widget\" data-widget_type=\"heading.default\">\n\t\t\t\t<div class=\"elementor-widget-container\">\n\t\t\t\t\t<h4 class=\"elementor-heading-title elementor-size-default\"><a href=\"https:\/\/www.cna.md\/\">www.cna.md<\/a><\/h4>\t\t\t\t<\/div>\n\t\t\t\t<\/div>\n\t\t\t\t\t<\/div>\n\t\t\t\t<\/div>\n\t\t\t\t<\/div>\n\t\t","protected":false},"excerpt":{"rendered":"<p>S.A.\u201dDrumuri Str\u0103\u015feni\u201d Anticorup\u021bia S.A.\u201dDrumuri Str\u0103\u015feni\u201d Anticorup\u021bia LINIA NA\u021aIONAL\u0102 ANTICORUP\u021aIE0-800-55555 \u2013 apel GRATUIT.Prin intermediul acestei linii telefonice, activ\u0103 24\/24, 7 zile pe s\u0103pt\u0103m\u00e2n\u0103, cet\u0103\u021benii pot sesiza CNA despre cazuri de corup\u021bie.LINIA SPECIALIZAT\u0102 ANTICORUP\u0162IE022-257-333Prin intermediul liniei telefonice, care este activ\u0103 \u00een orele de program (08:00 \u2013 17:00, de luni p\u00e2n\u0103 vineri), cet\u0103\u021benii pot sesiza subdiviziunea de securitate [&hellip;]<\/p>\n","protected":false},"author":1,"featured_media":0,"parent":0,"menu_order":0,"comment_status":"closed","ping_status":"closed","template":"","meta":{"site-sidebar-layout":"no-sidebar","site-content-layout":"page-builder","ast-site-content-layout":"default","site-content-style":"default","site-sidebar-style":"default","ast-global-header-display":"","ast-banner-title-visibility":"","ast-main-header-display":"","ast-hfb-above-header-display":"","ast-hfb-below-header-display":"","ast-hfb-mobile-header-display":"","site-post-title":"disabled","ast-breadcrumbs-content":"disabled","ast-featured-img":"disabled","footer-sml-layout":"","theme-transparent-header-meta":"enabled","adv-header-id-meta":"","stick-header-meta":"","header-above-stick-meta":"","header-main-stick-meta":"","header-below-stick-meta":"","astra-migrate-meta-layouts":"default","ast-page-background-enabled":"default","ast-page-background-meta":{"desktop":{"background-color":"var(--ast-global-color-4)","background-image":"","background-repeat":"repeat","background-position":"center center","background-size":"auto","background-attachment":"scroll","background-type":"","background-media":"","overlay-type":"","overlay-color":"","overlay-opacity":"","overlay-gradient":""},"tablet":{"background-color":"","background-image":"","background-repeat":"repeat","background-position":"center center","background-size":"auto","background-attachment":"scroll","background-type":"","background-media":"","overlay-type":"","overlay-color":"","overlay-opacity":"","overlay-gradient":""},"mobile":{"background-color":"","background-image":"","background-repeat":"repeat","background-position":"center center","background-size":"auto","background-attachment":"scroll","background-type":"","background-media":"","overlay-type":"","overlay-color":"","overlay-opacity":"","overlay-gradient":""}},"ast-content-background-meta":{"desktop":{"background-color":"var(--ast-global-color-5)","background-image":"","background-repeat":"repeat","background-position":"center center","background-size":"auto","background-attachment":"scroll","background-type":"","background-media":"","overlay-type":"","overlay-color":"","overlay-opacity":"","overlay-gradient":""},"tablet":{"background-color":"var(--ast-global-color-5)","background-image":"","background-repeat":"repeat","background-position":"center center","background-size":"auto","background-attachment":"scroll","background-type":"","background-media":"","overlay-type":"","overlay-color":"","overlay-opacity":"","overlay-gradient":""},"mobile":{"background-color":"var(--ast-global-color-5)","background-image":"","background-repeat":"repeat","background-position":"center center","background-size":"auto","background-attachment":"scroll","background-type":"","background-media":"","overlay-type":"","overlay-color":"","overlay-opacity":"","overlay-gradient":""}},"footnotes":""},"class_list":["post-1345","page","type-page","status-publish","hentry"],"_links":{"self":[{"href":"https:\/\/drumuristraseni.md\/index.php?rest_route=\/wp\/v2\/pages\/1345","targetHints":{"allow":["GET"]}}],"collection":[{"href":"https:\/\/drumuristraseni.md\/index.php?rest_route=\/wp\/v2\/pages"}],"about":[{"href":"https:\/\/drumuristraseni.md\/index.php?rest_route=\/wp\/v2\/types\/page"}],"author":[{"embeddable":true,"href":"https:\/\/drumuristraseni.md\/index.php?rest_route=\/wp\/v2\/users\/1"}],"replies":[{"embeddable":true,"href":"https:\/\/drumuristraseni.md\/index.php?rest_route=%2Fwp%2Fv2%2Fcomments&post=1345"}],"version-history":[{"count":7,"href":"https:\/\/drumuristraseni.md\/index.php?rest_route=\/wp\/v2\/pages\/1345\/revisions"}],"predecessor-version":[{"id":1365,"href":"https:\/\/drumuristraseni.md\/index.php?rest_route=\/wp\/v2\/pages\/1345\/revisions\/1365"}],"wp:attachment":[{"href":"https:\/\/drumuristraseni.md\/index.php?rest_route=%2Fwp%2Fv2%2Fmedia&parent=1345"}],"curies":[{"name":"wp","href":"https:\/\/api.w.org\/{rel}","templated":true}]}}