{"id":1349,"date":"2024-06-17T17:58:05","date_gmt":"2024-06-17T14:58:05","guid":{"rendered":"http:\/\/drumuristraseni.local\/?page_id=1349"},"modified":"2025-12-03T16:14:57","modified_gmt":"2025-12-03T13:14:57","slug":"rapoarte_transparenta","status":"publish","type":"page","link":"https:\/\/drumuristraseni.md\/?page_id=1349","title":{"rendered":"Rapoarte Transparen\u021b\u0103"},"content":{"rendered":"\t\t<div data-elementor-type=\"wp-page\" data-elementor-id=\"1349\" class=\"elementor elementor-1349\">\n\t\t\t\t<div class=\"elementor-element elementor-element-8fd5308 e-flex e-con-boxed e-con e-parent\" data-id=\"8fd5308\" data-element_type=\"container\" data-e-type=\"container\" data-settings=\"{&quot;background_background&quot;:&quot;classic&quot;}\">\n\t\t\t\t\t<div class=\"e-con-inner\">\n\t\t<div class=\"elementor-element elementor-element-17ced38 e-con-full e-flex e-con e-child\" data-id=\"17ced38\" data-element_type=\"container\" data-e-type=\"container\">\n\t\t\t\t<div class=\"elementor-element elementor-element-e89582e elementor-widget elementor-widget-heading\" data-id=\"e89582e\" data-element_type=\"widget\" data-e-type=\"widget\" data-widget_type=\"heading.default\">\n\t\t\t\t<div class=\"elementor-widget-container\">\n\t\t\t\t\t<h6 class=\"elementor-heading-title elementor-size-default\">S.A.\u201dDrumuri Str\u0103\u015feni\u201d<\/h6>\t\t\t\t<\/div>\n\t\t\t\t<\/div>\n\t\t\t\t<div class=\"elementor-element elementor-element-2b7c4ba elementor-widget elementor-widget-heading\" data-id=\"2b7c4ba\" data-element_type=\"widget\" data-e-type=\"widget\" data-widget_type=\"heading.default\">\n\t\t\t\t<div class=\"elementor-widget-container\">\n\t\t\t\t\t<h2 class=\"elementor-heading-title elementor-size-default\">Rapoarte Transparen\u021b\u0103<\/h2>\t\t\t\t<\/div>\n\t\t\t\t<\/div>\n\t\t\t\t<\/div>\n\t\t\t\t\t<\/div>\n\t\t\t\t<\/div>\n\t\t<div class=\"elementor-element elementor-element-75c6546 e-flex e-con-boxed e-con e-parent\" data-id=\"75c6546\" data-element_type=\"container\" data-e-type=\"container\">\n\t\t\t\t\t<div class=\"e-con-inner\">\n\t\t<div class=\"elementor-element elementor-element-17d7690 e-con-full e-flex e-con e-child\" data-id=\"17d7690\" data-element_type=\"container\" data-e-type=\"container\">\n\t\t\t\t<\/div>\n\t\t<div class=\"elementor-element elementor-element-fb03dd3 e-con-full e-flex e-con e-child\" data-id=\"fb03dd3\" data-element_type=\"container\" data-e-type=\"container\">\n\t\t\t\t<\/div>\n\t\t\t\t\t<\/div>\n\t\t\t\t<\/div>\n\t\t<div class=\"elementor-element elementor-element-522e0aa e-flex e-con-boxed e-con e-parent\" data-id=\"522e0aa\" data-element_type=\"container\" data-e-type=\"container\">\n\t\t\t\t\t<div class=\"e-con-inner\">\n\t\t<div class=\"elementor-element elementor-element-4fabdbf e-con-full e-flex e-con e-child\" data-id=\"4fabdbf\" data-element_type=\"container\" data-e-type=\"container\">\n\t\t\t\t<div class=\"elementor-element elementor-element-e10e4b4 elementor-widget elementor-widget-heading\" data-id=\"e10e4b4\" data-element_type=\"widget\" data-e-type=\"widget\" data-widget_type=\"heading.default\">\n\t\t\t\t<div class=\"elementor-widget-container\">\n\t\t\t\t\t<h4 class=\"elementor-heading-title elementor-size-default\">Actualiz\u0103ri - 2025<\/h4>\t\t\t\t<\/div>\n\t\t\t\t<\/div>\n\t\t\t\t<\/div>\n\t\t<div class=\"elementor-element elementor-element-21e4da7 e-con-full e-flex e-con e-child\" data-id=\"21e4da7\" data-element_type=\"container\" data-e-type=\"container\">\n\t\t\t\t<div class=\"elementor-element elementor-element-f5bfe35 elementor-widget elementor-widget-heading\" data-id=\"f5bfe35\" data-element_type=\"widget\" data-e-type=\"widget\" data-widget_type=\"heading.default\">\n\t\t\t\t<div class=\"elementor-widget-container\">\n\t\t\t\t\t<h6 class=\"elementor-heading-title elementor-size-default\"><a href=\"https:\/\/drumuristraseni.md\/wp-content\/uploads\/2025\/12\/Planul-de-achizitii-publice-modificat-a-S.A.-Drumuri-Straseni-pentru-a.-2025-4.pdf\">Planul de achizi\u021bii publice modificat  a S.A. Drumuri-Str\u0103\u0219eni pentru a. 2025<\/a><\/h6>\t\t\t\t<\/div>\n\t\t\t\t<\/div>\n\t\t\t\t<div class=\"elementor-element elementor-element-8a634f8 elementor-widget elementor-widget-heading\" data-id=\"8a634f8\" data-element_type=\"widget\" data-e-type=\"widget\" data-widget_type=\"heading.default\">\n\t\t\t\t<div class=\"elementor-widget-container\">\n\t\t\t\t\t<h6 class=\"elementor-heading-title elementor-size-default\"><a href=\"https:\/\/drumuristraseni.md\/wp-content\/uploads\/2025\/04\/codul-de-etica-si-conduita-profesionala-deontologie-al-S.A.Drumuri-Straseni-Copie.pdf\">codul de etic\u0103 \u0219i conduit\u0103 profesional\u0103 ( deontologie) al S.A.Drumuri-Str\u0103\u0219eni - Copie.pdf<\/a><\/h6>\t\t\t\t<\/div>\n\t\t\t\t<\/div>\n\t\t\t\t<div class=\"elementor-element elementor-element-96d92fd elementor-widget elementor-widget-heading\" data-id=\"96d92fd\" data-element_type=\"widget\" data-e-type=\"widget\" data-widget_type=\"heading.default\">\n\t\t\t\t<div class=\"elementor-widget-container\">\n\t\t\t\t\t<h6 class=\"elementor-heading-title elementor-size-default\"><a href=\"https:\/\/drumuristraseni.md\/wp-content\/uploads\/2025\/04\/Cod-de-GC_S-A-Drumuri_Straseni-2022_FINAL-__1.pdf\">Cod de GC_S A Drumuri_Stra\u0306s\u0326eni 2022_FINAL __1.pdf\n<\/a><\/h6>\t\t\t\t<\/div>\n\t\t\t\t<\/div>\n\t\t\t\t<div class=\"elementor-element elementor-element-a4b11ee elementor-widget elementor-widget-heading\" data-id=\"a4b11ee\" data-element_type=\"widget\" data-e-type=\"widget\" data-widget_type=\"heading.default\">\n\t\t\t\t<div class=\"elementor-widget-container\">\n\t\t\t\t\t<h6 class=\"elementor-heading-title elementor-size-default\"><a href=\"https:\/\/drumuristraseni.md\/wp-content\/uploads\/2025\/04\/Declaratii-de-impartialitate-2024.pdf\">Declara\u021bii de impar\u021bialitate 2024.pdf<\/a><\/h6>\t\t\t\t<\/div>\n\t\t\t\t<\/div>\n\t\t\t\t<div class=\"elementor-element elementor-element-3c656d6 elementor-widget elementor-widget-heading\" data-id=\"3c656d6\" data-element_type=\"widget\" data-e-type=\"widget\" data-widget_type=\"heading.default\">\n\t\t\t\t<div class=\"elementor-widget-container\">\n\t\t\t\t\t<h6 class=\"elementor-heading-title elementor-size-default\"><a href=\"https:\/\/drumuristraseni.md\/wp-content\/uploads\/2025\/04\/Plan-de-integritate-PDF1-1.pdf\">Plan de integritate.pdf<\/a><\/h6>\t\t\t\t<\/div>\n\t\t\t\t<\/div>\n\t\t\t\t<div class=\"elementor-element elementor-element-a0406ed elementor-widget elementor-widget-heading\" data-id=\"a0406ed\" data-element_type=\"widget\" data-e-type=\"widget\" data-widget_type=\"heading.default\">\n\t\t\t\t<div class=\"elementor-widget-container\">\n\t\t\t\t\t<h6 class=\"elementor-heading-title elementor-size-default\"><a href=\"https:\/\/drumuristraseni.md\/wp-content\/uploads\/2025\/04\/Registrul-de-evidenta-a-cazurilr-de-influenta-necorespunzatoare-1-1.pdf\">Registrul de  eviden\u021b\u0103  a cazurilr  de influen\u021b\u0103 necorespunz\u0103toare.pdf<\/a><\/h6>\t\t\t\t<\/div>\n\t\t\t\t<\/div>\n\t\t\t\t<div class=\"elementor-element elementor-element-200633a elementor-widget elementor-widget-heading\" data-id=\"200633a\" data-element_type=\"widget\" data-e-type=\"widget\" data-widget_type=\"heading.default\">\n\t\t\t\t<div class=\"elementor-widget-container\">\n\t\t\t\t\t<h6 class=\"elementor-heading-title elementor-size-default\"><a href=\"https:\/\/drumuristraseni.md\/wp-content\/uploads\/2025\/04\/Registrul-declaratiilor-privind-conflictele-de-interese-din-cadrul-S.A.Drumuri-Straseni-1.pdf\">Registrul declarat\u0326iilor privind  conflictele de  interese din cadrul S.A.Drumuri-Stra\u0306s\u0326eni.pdf<\/a><\/h6>\t\t\t\t<\/div>\n\t\t\t\t<\/div>\n\t\t\t\t<div class=\"elementor-element elementor-element-67a5f76 elementor-widget elementor-widget-heading\" data-id=\"67a5f76\" data-element_type=\"widget\" data-e-type=\"widget\" data-widget_type=\"heading.default\">\n\t\t\t\t<div class=\"elementor-widget-container\">\n\t\t\t\t\t<h6 class=\"elementor-heading-title elementor-size-default\"><a href=\"https:\/\/drumuristraseni.md\/wp-content\/uploads\/2025\/04\/Regulament-pentru-punctul-1.9-2.pdf\">Regulament  pentru punctul 1.9.pdf<\/a><\/h6>\t\t\t\t<\/div>\n\t\t\t\t<\/div>\n\t\t\t\t<div class=\"elementor-element elementor-element-8f5860d elementor-widget elementor-widget-heading\" data-id=\"8f5860d\" data-element_type=\"widget\" data-e-type=\"widget\" data-widget_type=\"heading.default\">\n\t\t\t\t<div class=\"elementor-widget-container\">\n\t\t\t\t\t<h6 class=\"elementor-heading-title elementor-size-default\"><a href=\"https:\/\/drumuristraseni.md\/wp-content\/uploads\/2025\/04\/Regulament-Intern.pdf\">Regulament Intern.pdf<\/a><\/h6>\t\t\t\t<\/div>\n\t\t\t\t<\/div>\n\t\t\t\t<div class=\"elementor-element elementor-element-06f2260 elementor-widget elementor-widget-heading\" data-id=\"06f2260\" data-element_type=\"widget\" data-e-type=\"widget\" data-widget_type=\"heading.default\">\n\t\t\t\t<div class=\"elementor-widget-container\">\n\t\t\t\t\t<h6 class=\"elementor-heading-title elementor-size-default\"><a href=\"https:\/\/drumuristraseni.md\/wp-content\/uploads\/2025\/04\/Regulament-pentru-p.-1.6.pdf\">Regulament pentru p. 1.6.pdf<\/a><\/h6>\t\t\t\t<\/div>\n\t\t\t\t<\/div>\n\t\t\t\t<div class=\"elementor-element elementor-element-5c9a054 elementor-widget elementor-widget-heading\" data-id=\"5c9a054\" data-element_type=\"widget\" data-e-type=\"widget\" data-widget_type=\"heading.default\">\n\t\t\t\t<div class=\"elementor-widget-container\">\n\t\t\t\t\t<h6 class=\"elementor-heading-title elementor-size-default\"><a href=\"https:\/\/drumuristraseni.md\/wp-content\/uploads\/2025\/04\/Regulament-pentru-p.1.7.pdf\">Regulament pentru p.1.7.pdf<\/a><\/h6>\t\t\t\t<\/div>\n\t\t\t\t<\/div>\n\t\t\t\t<div class=\"elementor-element elementor-element-2a20ceb elementor-widget elementor-widget-heading\" data-id=\"2a20ceb\" data-element_type=\"widget\" data-e-type=\"widget\" data-widget_type=\"heading.default\">\n\t\t\t\t<div class=\"elementor-widget-container\">\n\t\t\t\t\t<h6 class=\"elementor-heading-title elementor-size-default\"><a href=\"https:\/\/drumuristraseni.md\/wp-content\/uploads\/2025\/04\/Regulament-pentru-p.1.8.pdf\">Regulament pentru p.1.8.pdf<\/a><\/h6>\t\t\t\t<\/div>\n\t\t\t\t<\/div>\n\t\t\t\t<div class=\"elementor-element elementor-element-ecded7a elementor-widget elementor-widget-heading\" data-id=\"ecded7a\" data-element_type=\"widget\" data-e-type=\"widget\" data-widget_type=\"heading.default\">\n\t\t\t\t<div class=\"elementor-widget-container\">\n\t\t\t\t\t<h6 class=\"elementor-heading-title elementor-size-default\"><a href=\"https:\/\/drumuristraseni.md\/wp-content\/uploads\/2025\/04\/Regulament-privind-statutul-disciplinar-aplicabil-in-cadrul-S.A.Drumuri-Straseni.pdf\">Regulament privind statutul disciplinar aplicabil i\u0302n cadrul S.A.Drumuri-Stra\u0306s\u0326eni.pdf<\/a><\/h6>\t\t\t\t<\/div>\n\t\t\t\t<\/div>\n\t\t\t\t<div class=\"elementor-element elementor-element-7c6f96f elementor-widget elementor-widget-heading\" data-id=\"7c6f96f\" data-element_type=\"widget\" data-e-type=\"widget\" data-widget_type=\"heading.default\">\n\t\t\t\t<div class=\"elementor-widget-container\">\n\t\t\t\t\t<h6 class=\"elementor-heading-title elementor-size-default\"><a href=\"https:\/\/drumuristraseni.md\/wp-content\/uploads\/2025\/04\/Regulamentul-privind-modul-de-inregistrare-a-cererilor-de-comunicare-a-informatiilor-de-interes-public.pdf\">Regulamentul privind modul de i\u0302nregistrare a cererilor de comunicare a informat\u0326iilor de interes public.pdf<\/a><\/h6>\t\t\t\t<\/div>\n\t\t\t\t<\/div>\n\t\t\t\t<div class=\"elementor-element elementor-element-3639ff0 elementor-widget elementor-widget-heading\" data-id=\"3639ff0\" data-element_type=\"widget\" data-e-type=\"widget\" data-widget_type=\"heading.default\">\n\t\t\t\t<div class=\"elementor-widget-container\">\n\t\t\t\t\t<h6 class=\"elementor-heading-title elementor-size-default\"><a href=\"https:\/\/drumuristraseni.md\/wp-content\/uploads\/2025\/04\/Scan-statele-de-personal-2024.pdf\">Scan statele de personal 2024.pdf<\/a><\/h6>\t\t\t\t<\/div>\n\t\t\t\t<\/div>\n\t\t\t\t<div class=\"elementor-element elementor-element-902a32d elementor-widget elementor-widget-heading\" data-id=\"902a32d\" data-element_type=\"widget\" data-e-type=\"widget\" data-widget_type=\"heading.default\">\n\t\t\t\t<div class=\"elementor-widget-container\">\n\t\t\t\t\t<h6 class=\"elementor-heading-title elementor-size-default\"><a href=\"https:\/\/drumuristraseni.md\/wp-content\/uploads\/2025\/04\/scan-Statutul-societatii.pdf\">scan Statutul societa\u0306t\u0326ii.pdf<\/a><\/h6>\t\t\t\t<\/div>\n\t\t\t\t<\/div>\n\t\t\t\t<\/div>\n\t\t\t\t\t<\/div>\n\t\t\t\t<\/div>\n\t\t<div class=\"elementor-element elementor-element-1ab253d e-flex e-con-boxed e-con e-parent\" data-id=\"1ab253d\" data-element_type=\"container\" data-e-type=\"container\">\n\t\t\t\t\t<div class=\"e-con-inner\">\n\t\t<div class=\"elementor-element elementor-element-f2ed382 e-con-full e-flex e-con e-child\" data-id=\"f2ed382\" data-element_type=\"container\" data-e-type=\"container\">\n\t\t\t\t<div class=\"elementor-element elementor-element-d784723 elementor-widget elementor-widget-text-editor\" data-id=\"d784723\" data-element_type=\"widget\" data-e-type=\"widget\" data-widget_type=\"text-editor.default\">\n\t\t\t\t<div class=\"elementor-widget-container\">\n\t\t\t\t\t\t\t\t\t<p><em><strong>Situa\u021bia Financiar\u0103 S.A. Drumuri Str\u0103\u0219eni.<\/strong><\/em><\/p>\t\t\t\t\t\t\t\t<\/div>\n\t\t\t\t<\/div>\n\t\t\t\t<div class=\"elementor-element elementor-element-67e773c elementor-widget elementor-widget-heading\" data-id=\"67e773c\" data-element_type=\"widget\" data-e-type=\"widget\" data-widget_type=\"heading.default\">\n\t\t\t\t<div class=\"elementor-widget-container\">\n\t\t\t\t\t<h5 class=\"elementor-heading-title elementor-size-default\"><a href=\"https:\/\/drumuristraseni.md\/wp-content\/uploads\/2024\/06\/SITUATIA-FINANCIARA-ANUL-2020.pdf\">Aici po\u021bi cerceta Situa\u021bia Financiar\u0103 2020<\/a><\/h5>\t\t\t\t<\/div>\n\t\t\t\t<\/div>\n\t\t\t\t<div class=\"elementor-element elementor-element-4cfe727 elementor-widget elementor-widget-heading\" data-id=\"4cfe727\" data-element_type=\"widget\" data-e-type=\"widget\" data-widget_type=\"heading.default\">\n\t\t\t\t<div class=\"elementor-widget-container\">\n\t\t\t\t\t<h5 class=\"elementor-heading-title elementor-size-default\"><a href=\"https:\/\/drumuristraseni.md\/wp-content\/uploads\/2024\/06\/Situatiile_financiare_2023-1.pdf\">Aici po\u021bi cerceta Situa\u021bia Financiar\u0103 2023<\/a><\/h5>\t\t\t\t<\/div>\n\t\t\t\t<\/div>\n\t\t\t\t<\/div>\n\t\t<div class=\"elementor-element elementor-element-23406b9 e-con-full e-flex e-con e-child\" data-id=\"23406b9\" data-element_type=\"container\" data-e-type=\"container\">\n\t\t\t\t<div class=\"elementor-element elementor-element-a3b686e elementor-widget elementor-widget-image\" data-id=\"a3b686e\" data-element_type=\"widget\" data-e-type=\"widget\" data-widget_type=\"image.default\">\n\t\t\t\t<div class=\"elementor-widget-container\">\n\t\t\t\t\t\t\t\t\t\t\t\t\t\t\t<img fetchpriority=\"high\" decoding=\"async\" width=\"841\" height=\"632\" src=\"https:\/\/drumuristraseni.md\/wp-content\/uploads\/2024\/06\/Screenshot-2024-06-17-180938.png\" class=\"attachment-full size-full wp-image-1374\" alt=\"\" srcset=\"https:\/\/drumuristraseni.md\/wp-content\/uploads\/2024\/06\/Screenshot-2024-06-17-180938.png 841w, https:\/\/drumuristraseni.md\/wp-content\/uploads\/2024\/06\/Screenshot-2024-06-17-180938-300x225.png 300w, https:\/\/drumuristraseni.md\/wp-content\/uploads\/2024\/06\/Screenshot-2024-06-17-180938-768x577.png 768w\" sizes=\"(max-width: 841px) 100vw, 841px\" \/>\t\t\t\t\t\t\t\t\t\t\t\t\t\t\t<\/div>\n\t\t\t\t<\/div>\n\t\t\t\t<\/div>\n\t\t\t\t\t<\/div>\n\t\t\t\t<\/div>\n\t\t\t\t<\/div>\n\t\t","protected":false},"excerpt":{"rendered":"<p>S.A.\u201dDrumuri Str\u0103\u015feni\u201d Rapoarte Transparen\u021b\u0103 Actualiz\u0103ri &#8211; 2025 Planul de achizi\u021bii publice modificat a S.A. Drumuri-Str\u0103\u0219eni pentru a. 2025 codul de etic\u0103 \u0219i conduit\u0103 profesional\u0103 ( deontologie) al S.A.Drumuri-Str\u0103\u0219eni &#8211; Copie.pdf Cod de GC_S A Drumuri_Stra\u0306s\u0326eni 2022_FINAL __1.pdf Declara\u021bii de impar\u021bialitate 2024.pdf Plan de integritate.pdf Registrul de eviden\u021b\u0103 a cazurilr de influen\u021b\u0103 necorespunz\u0103toare.pdf Registrul declarat\u0326iilor privind [&hellip;]<\/p>\n","protected":false},"author":1,"featured_media":0,"parent":0,"menu_order":0,"comment_status":"closed","ping_status":"closed","template":"","meta":{"site-sidebar-layout":"no-sidebar","site-content-layout":"page-builder","ast-site-content-layout":"default","site-content-style":"default","site-sidebar-style":"default","ast-global-header-display":"","ast-banner-title-visibility":"","ast-main-header-display":"","ast-hfb-above-header-display":"","ast-hfb-below-header-display":"","ast-hfb-mobile-header-display":"","site-post-title":"disabled","ast-breadcrumbs-content":"disabled","ast-featured-img":"disabled","footer-sml-layout":"","theme-transparent-header-meta":"enabled","adv-header-id-meta":"","stick-header-meta":"","header-above-stick-meta":"","header-main-stick-meta":"","header-below-stick-meta":"","astra-migrate-meta-layouts":"default","ast-page-background-enabled":"default","ast-page-background-meta":{"desktop":{"background-color":"var(--ast-global-color-4)","background-image":"","background-repeat":"repeat","background-position":"center center","background-size":"auto","background-attachment":"scroll","background-type":"","background-media":"","overlay-type":"","overlay-color":"","overlay-opacity":"","overlay-gradient":""},"tablet":{"background-color":"","background-image":"","background-repeat":"repeat","background-position":"center center","background-size":"auto","background-attachment":"scroll","background-type":"","background-media":"","overlay-type":"","overlay-color":"","overlay-opacity":"","overlay-gradient":""},"mobile":{"background-color":"","background-image":"","background-repeat":"repeat","background-position":"center center","background-size":"auto","background-attachment":"scroll","background-type":"","background-media":"","overlay-type":"","overlay-color":"","overlay-opacity":"","overlay-gradient":""}},"ast-content-background-meta":{"desktop":{"background-color":"var(--ast-global-color-5)","background-image":"","background-repeat":"repeat","background-position":"center center","background-size":"auto","background-attachment":"scroll","background-type":"","background-media":"","overlay-type":"","overlay-color":"","overlay-opacity":"","overlay-gradient":""},"tablet":{"background-color":"var(--ast-global-color-5)","background-image":"","background-repeat":"repeat","background-position":"center center","background-size":"auto","background-attachment":"scroll","background-type":"","background-media":"","overlay-type":"","overlay-color":"","overlay-opacity":"","overlay-gradient":""},"mobile":{"background-color":"var(--ast-global-color-5)","background-image":"","background-repeat":"repeat","background-position":"center center","background-size":"auto","background-attachment":"scroll","background-type":"","background-media":"","overlay-type":"","overlay-color":"","overlay-opacity":"","overlay-gradient":""}},"footnotes":""},"class_list":["post-1349","page","type-page","status-publish","hentry"],"_links":{"self":[{"href":"https:\/\/drumuristraseni.md\/index.php?rest_route=\/wp\/v2\/pages\/1349","targetHints":{"allow":["GET"]}}],"collection":[{"href":"https:\/\/drumuristraseni.md\/index.php?rest_route=\/wp\/v2\/pages"}],"about":[{"href":"https:\/\/drumuristraseni.md\/index.php?rest_route=\/wp\/v2\/types\/page"}],"author":[{"embeddable":true,"href":"https:\/\/drumuristraseni.md\/index.php?rest_route=\/wp\/v2\/users\/1"}],"replies":[{"embeddable":true,"href":"https:\/\/drumuristraseni.md\/index.php?rest_route=%2Fwp%2Fv2%2Fcomments&post=1349"}],"version-history":[{"count":157,"href":"https:\/\/drumuristraseni.md\/index.php?rest_route=\/wp\/v2\/pages\/1349\/revisions"}],"predecessor-version":[{"id":1778,"href":"https:\/\/drumuristraseni.md\/index.php?rest_route=\/wp\/v2\/pages\/1349\/revisions\/1778"}],"wp:attachment":[{"href":"https:\/\/drumuristraseni.md\/index.php?rest_route=%2Fwp%2Fv2%2Fmedia&parent=1349"}],"curies":[{"name":"wp","href":"https:\/\/api.w.org\/{rel}","templated":true}]}}