{"id":1479,"date":"2024-09-16T12:50:15","date_gmt":"2024-09-16T09:50:15","guid":{"rendered":"https:\/\/drumuristraseni.md\/?page_id=1479"},"modified":"2025-04-10T14:07:15","modified_gmt":"2025-04-10T11:07:15","slug":"locuri-de-munca","status":"publish","type":"page","link":"https:\/\/drumuristraseni.md\/?page_id=1479","title":{"rendered":"Locuri de munc\u0103"},"content":{"rendered":"\t\t<div data-elementor-type=\"wp-page\" data-elementor-id=\"1479\" class=\"elementor elementor-1479\">\n\t\t\t\t<div class=\"elementor-element elementor-element-8fd5308 e-flex e-con-boxed e-con e-parent\" data-id=\"8fd5308\" data-element_type=\"container\" data-e-type=\"container\" data-settings=\"{&quot;background_background&quot;:&quot;classic&quot;}\">\n\t\t\t\t\t<div class=\"e-con-inner\">\n\t\t<div class=\"elementor-element elementor-element-17ced38 e-con-full e-flex e-con e-child\" data-id=\"17ced38\" data-element_type=\"container\" data-e-type=\"container\">\n\t\t\t\t<div class=\"elementor-element elementor-element-e89582e elementor-widget elementor-widget-heading\" data-id=\"e89582e\" data-element_type=\"widget\" data-e-type=\"widget\" data-widget_type=\"heading.default\">\n\t\t\t\t<div class=\"elementor-widget-container\">\n\t\t\t\t\t<h6 class=\"elementor-heading-title elementor-size-default\">S.A.\u201dDrumuri Str\u0103\u015feni\u201d<\/h6>\t\t\t\t<\/div>\n\t\t\t\t<\/div>\n\t\t\t\t<div class=\"elementor-element elementor-element-2b7c4ba elementor-widget elementor-widget-heading\" data-id=\"2b7c4ba\" data-element_type=\"widget\" data-e-type=\"widget\" data-widget_type=\"heading.default\">\n\t\t\t\t<div class=\"elementor-widget-container\">\n\t\t\t\t\t<h1 class=\"elementor-heading-title elementor-size-default\">Locuri de munc\u0103<\/h1>\t\t\t\t<\/div>\n\t\t\t\t<\/div>\n\t\t\t\t<\/div>\n\t\t\t\t\t<\/div>\n\t\t\t\t<\/div>\n\t\t<div class=\"elementor-element elementor-element-2b08095 e-flex e-con-boxed e-con e-parent\" data-id=\"2b08095\" data-element_type=\"container\" data-e-type=\"container\">\n\t\t\t\t\t<div class=\"e-con-inner\">\n\t\t<div class=\"elementor-element elementor-element-1ee21de e-con-full e-flex e-con e-child\" data-id=\"1ee21de\" data-element_type=\"container\" data-e-type=\"container\">\n\t\t\t\t<div class=\"elementor-element elementor-element-d67c0c5 elementor-widget elementor-widget-heading\" data-id=\"d67c0c5\" data-element_type=\"widget\" data-e-type=\"widget\" data-widget_type=\"heading.default\">\n\t\t\t\t<div class=\"elementor-widget-container\">\n\t\t\t\t\t<h4 class=\"elementor-heading-title elementor-size-default\">Instruc\u021biune Intern\u0103 privind  procesul de angajare - <\/h4>\t\t\t\t<\/div>\n\t\t\t\t<\/div>\n\t\t\t\t<\/div>\n\t\t<div class=\"elementor-element elementor-element-8de9117 e-con-full e-flex e-con e-child\" data-id=\"8de9117\" data-element_type=\"container\" data-e-type=\"container\">\n\t\t\t\t<div class=\"elementor-element elementor-element-d406690 elementor-widget elementor-widget-heading\" data-id=\"d406690\" data-element_type=\"widget\" data-e-type=\"widget\" data-widget_type=\"heading.default\">\n\t\t\t\t<div class=\"elementor-widget-container\">\n\t\t\t\t\t<h6 class=\"elementor-heading-title elementor-size-default\"><a href=\"https:\/\/drumuristraseni.md\/wp-content\/uploads\/2025\/04\/Instructiune-Interna-privind-procesul-de-angajare-si-recrutare-a-personalului-in-cadrul-SA-Drumuri-Straseni.pdf\">Instruc\u021biune Intern\u0103 privind  procesul de angajare \u0219i recrutare a personalului \u00een cadrul SA Drumuri-Str\u0103\u0219eni.pdf<\/a><\/h6>\t\t\t\t<\/div>\n\t\t\t\t<\/div>\n\t\t\t\t<\/div>\n\t\t\t\t\t<\/div>\n\t\t\t\t<\/div>\n\t\t<div class=\"elementor-element elementor-element-a55d6bb e-flex e-con-boxed e-con e-parent\" data-id=\"a55d6bb\" data-element_type=\"container\" data-e-type=\"container\">\n\t\t\t\t\t<div class=\"e-con-inner\">\n\t\t<div class=\"elementor-element elementor-element-7baee16 e-con-full e-flex e-con e-child\" data-id=\"7baee16\" data-element_type=\"container\" data-e-type=\"container\">\n\t\t\t\t<div class=\"elementor-element elementor-element-c10f5cf elementor-widget elementor-widget-image\" data-id=\"c10f5cf\" data-element_type=\"widget\" data-e-type=\"widget\" data-widget_type=\"image.default\">\n\t\t\t\t<div class=\"elementor-widget-container\">\n\t\t\t\t\t\t\t\t\t\t\t\t\t\t\t<img fetchpriority=\"high\" decoding=\"async\" width=\"1024\" height=\"684\" src=\"https:\/\/drumuristraseni.md\/wp-content\/uploads\/2024\/09\/scott-graham-OQMZwNd3ThU-unsplash-2-1024x684.jpg\" class=\"attachment-large size-large wp-image-1484\" alt=\"\" srcset=\"https:\/\/drumuristraseni.md\/wp-content\/uploads\/2024\/09\/scott-graham-OQMZwNd3ThU-unsplash-2-1024x684.jpg 1024w, https:\/\/drumuristraseni.md\/wp-content\/uploads\/2024\/09\/scott-graham-OQMZwNd3ThU-unsplash-2-300x200.jpg 300w, https:\/\/drumuristraseni.md\/wp-content\/uploads\/2024\/09\/scott-graham-OQMZwNd3ThU-unsplash-2-768x513.jpg 768w, https:\/\/drumuristraseni.md\/wp-content\/uploads\/2024\/09\/scott-graham-OQMZwNd3ThU-unsplash-2-1536x1025.jpg 1536w, https:\/\/drumuristraseni.md\/wp-content\/uploads\/2024\/09\/scott-graham-OQMZwNd3ThU-unsplash-2-2048x1367.jpg 2048w\" sizes=\"(max-width: 1024px) 100vw, 1024px\" \/>\t\t\t\t\t\t\t\t\t\t\t\t\t\t\t<\/div>\n\t\t\t\t<\/div>\n\t\t\t\t<\/div>\n\t\t<div class=\"elementor-element elementor-element-f1cdb25 e-con-full e-flex e-con e-child\" data-id=\"f1cdb25\" data-element_type=\"container\" data-e-type=\"container\">\n\t\t\t\t<div class=\"elementor-element elementor-element-142d3b3 elementor-widget elementor-widget-heading\" data-id=\"142d3b3\" data-element_type=\"widget\" data-e-type=\"widget\" data-widget_type=\"heading.default\">\n\t\t\t\t<div class=\"elementor-widget-container\">\n\t\t\t\t\t<h2 class=\"elementor-heading-title elementor-size-default\">S.A.\u201dDrumuri \u2013Str\u0103\u015feni\u201d este o \u00eentreprindere cu un istoric bogat, deoarece activeaz\u0103 din anul 1968, mai bine de 50 de ani.<\/h2>\t\t\t\t<\/div>\n\t\t\t\t<\/div>\n\t\t\t\t<div class=\"elementor-element elementor-element-c78a88d elementor-widget elementor-widget-text-editor\" data-id=\"c78a88d\" data-element_type=\"widget\" data-e-type=\"widget\" data-widget_type=\"text-editor.default\">\n\t\t\t\t<div class=\"elementor-widget-container\">\n\t\t\t\t\t\t\t\t\t<p>Pe parcursul de activitate a cunoscut perioade de prosperitate \u00een activitate dar \u0219i de descensiune, precum a fost \u0219i primii doi ani de dup\u0103 reorganizarea \u00eentreprinderii \u00een anul 2013.<\/p>\t\t\t\t\t\t\t\t<\/div>\n\t\t\t\t<\/div>\n\t\t\t\t<\/div>\n\t\t\t\t\t<\/div>\n\t\t\t\t<\/div>\n\t\t<div class=\"elementor-element elementor-element-66b2327 e-flex e-con-boxed e-con e-parent\" data-id=\"66b2327\" data-element_type=\"container\" data-e-type=\"container\">\n\t\t\t\t\t<div class=\"e-con-inner\">\n\t\t<div class=\"elementor-element elementor-element-538a27e e-con-full e-flex e-con e-child\" data-id=\"538a27e\" data-element_type=\"container\" data-e-type=\"container\">\n\t\t\t\t<div class=\"elementor-element elementor-element-2f85ff6 elementor-widget elementor-widget-heading\" data-id=\"2f85ff6\" data-element_type=\"widget\" data-e-type=\"widget\" data-widget_type=\"heading.default\">\n\t\t\t\t<div class=\"elementor-widget-container\">\n\t\t\t\t\t<h2 class=\"elementor-heading-title elementor-size-default\">\u0218ofer -<\/h2>\t\t\t\t<\/div>\n\t\t\t\t<\/div>\n\t\t\t\t<\/div>\n\t\t<div class=\"elementor-element elementor-element-a2dab01 e-con-full e-flex e-con e-child\" data-id=\"a2dab01\" data-element_type=\"container\" data-e-type=\"container\">\n\t\t\t\t<div class=\"elementor-element elementor-element-730103b elementor-widget elementor-widget-text-editor\" data-id=\"730103b\" data-element_type=\"widget\" data-e-type=\"widget\" data-widget_type=\"text-editor.default\">\n\t\t\t\t<div class=\"elementor-widget-container\">\n\t\t\t\t\t\t\t\t\t<p>Rolul Angajatului :<\/p><p>Conctacte :<\/p><p><span style=\"font-style: inherit; font-weight: inherit; text-align: var(--text-align); background-color: var(--ast-global-color-4); color: var(--ast-global-color-3);\">Descrierea postului :\u00a0<\/span><\/p><p>Data Anuntului :<\/p>\t\t\t\t\t\t\t\t<\/div>\n\t\t\t\t<\/div>\n\t\t\t\t<\/div>\n\t\t\t\t\t<\/div>\n\t\t\t\t<\/div>\n\t\t\t\t<\/div>\n\t\t","protected":false},"excerpt":{"rendered":"<p>S.A.\u201dDrumuri Str\u0103\u015feni\u201d Locuri de munc\u0103 Instruc\u021biune Intern\u0103 privind procesul de angajare &#8211; Instruc\u021biune Intern\u0103 privind procesul de angajare \u0219i recrutare a personalului \u00een cadrul SA Drumuri-Str\u0103\u0219eni.pdf S.A.\u201dDrumuri \u2013Str\u0103\u015feni\u201d este o \u00eentreprindere cu un istoric bogat, deoarece activeaz\u0103 din anul 1968, mai bine de 50 de ani. Pe parcursul de activitate a cunoscut perioade de prosperitate [&hellip;]<\/p>\n","protected":false},"author":1,"featured_media":0,"parent":0,"menu_order":0,"comment_status":"closed","ping_status":"closed","template":"","meta":{"site-sidebar-layout":"no-sidebar","site-content-layout":"page-builder","ast-site-content-layout":"default","site-content-style":"default","site-sidebar-style":"default","ast-global-header-display":"","ast-banner-title-visibility":"","ast-main-header-display":"","ast-hfb-above-header-display":"","ast-hfb-below-header-display":"","ast-hfb-mobile-header-display":"","site-post-title":"disabled","ast-breadcrumbs-content":"disabled","ast-featured-img":"disabled","footer-sml-layout":"","theme-transparent-header-meta":"enabled","adv-header-id-meta":"","stick-header-meta":"","header-above-stick-meta":"","header-main-stick-meta":"","header-below-stick-meta":"","astra-migrate-meta-layouts":"default","ast-page-background-enabled":"default","ast-page-background-meta":{"desktop":{"background-color":"var(--ast-global-color-4)","background-image":"","background-repeat":"repeat","background-position":"center center","background-size":"auto","background-attachment":"scroll","background-type":"","background-media":"","overlay-type":"","overlay-color":"","overlay-opacity":"","overlay-gradient":""},"tablet":{"background-color":"","background-image":"","background-repeat":"repeat","background-position":"center center","background-size":"auto","background-attachment":"scroll","background-type":"","background-media":"","overlay-type":"","overlay-color":"","overlay-opacity":"","overlay-gradient":""},"mobile":{"background-color":"","background-image":"","background-repeat":"repeat","background-position":"center center","background-size":"auto","background-attachment":"scroll","background-type":"","background-media":"","overlay-type":"","overlay-color":"","overlay-opacity":"","overlay-gradient":""}},"ast-content-background-meta":{"desktop":{"background-color":"var(--ast-global-color-5)","background-image":"","background-repeat":"repeat","background-position":"center center","background-size":"auto","background-attachment":"scroll","background-type":"","background-media":"","overlay-type":"","overlay-color":"","overlay-opacity":"","overlay-gradient":""},"tablet":{"background-color":"var(--ast-global-color-5)","background-image":"","background-repeat":"repeat","background-position":"center center","background-size":"auto","background-attachment":"scroll","background-type":"","background-media":"","overlay-type":"","overlay-color":"","overlay-opacity":"","overlay-gradient":""},"mobile":{"background-color":"var(--ast-global-color-5)","background-image":"","background-repeat":"repeat","background-position":"center center","background-size":"auto","background-attachment":"scroll","background-type":"","background-media":"","overlay-type":"","overlay-color":"","overlay-opacity":"","overlay-gradient":""}},"footnotes":""},"class_list":["post-1479","page","type-page","status-publish","hentry"],"_links":{"self":[{"href":"https:\/\/drumuristraseni.md\/index.php?rest_route=\/wp\/v2\/pages\/1479","targetHints":{"allow":["GET"]}}],"collection":[{"href":"https:\/\/drumuristraseni.md\/index.php?rest_route=\/wp\/v2\/pages"}],"about":[{"href":"https:\/\/drumuristraseni.md\/index.php?rest_route=\/wp\/v2\/types\/page"}],"author":[{"embeddable":true,"href":"https:\/\/drumuristraseni.md\/index.php?rest_route=\/wp\/v2\/users\/1"}],"replies":[{"embeddable":true,"href":"https:\/\/drumuristraseni.md\/index.php?rest_route=%2Fwp%2Fv2%2Fcomments&post=1479"}],"version-history":[{"count":7,"href":"https:\/\/drumuristraseni.md\/index.php?rest_route=\/wp\/v2\/pages\/1479\/revisions"}],"predecessor-version":[{"id":1545,"href":"https:\/\/drumuristraseni.md\/index.php?rest_route=\/wp\/v2\/pages\/1479\/revisions\/1545"}],"wp:attachment":[{"href":"https:\/\/drumuristraseni.md\/index.php?rest_route=%2Fwp%2Fv2%2Fmedia&parent=1479"}],"curies":[{"name":"wp","href":"https:\/\/api.w.org\/{rel}","templated":true}]}}